{"id":77,"date":"2023-08-29T06:28:25","date_gmt":"2023-08-29T06:28:25","guid":{"rendered":"https:\/\/a12comunicacion.com\/?page_id=77"},"modified":"2023-08-29T08:30:46","modified_gmt":"2023-08-29T08:30:46","slug":"elementor-77","status":"publish","type":"page","link":"https:\/\/a12comunicacion.com\/index.php\/elementor-77\/","title":{"rendered":"SEO"},"content":{"rendered":"\t\t<div data-elementor-type=\"wp-page\" data-elementor-id=\"77\" class=\"elementor elementor-77\" data-elementor-post-type=\"page\">\n\t\t\t\t\t\t<section class=\"elementor-section elementor-top-section elementor-element elementor-element-82021a8 elementor-section-boxed elementor-section-height-default elementor-section-height-default\" data-id=\"82021a8\" data-element_type=\"section\">\n\t\t\t\t\t\t<div class=\"elementor-container elementor-column-gap-default\">\n\t\t\t\t\t<div class=\"elementor-column elementor-col-100 elementor-top-column elementor-element elementor-element-b4a8c54\" data-id=\"b4a8c54\" data-element_type=\"column\">\n\t\t\t<div class=\"elementor-widget-wrap elementor-element-populated\">\n\t\t\t\t\t\t<div class=\"elementor-element elementor-element-af1a94d elementor-widget elementor-widget-heading\" data-id=\"af1a94d\" data-element_type=\"widget\" data-widget_type=\"heading.default\">\n\t\t\t\t<div class=\"elementor-widget-container\">\n\t\t\t\t\t<h2 class=\"elementor-heading-title elementor-size-default\">Posicionamiento SEO<\/h2>\t\t\t\t<\/div>\n\t\t\t\t<\/div>\n\t\t\t\t\t<\/div>\n\t\t<\/div>\n\t\t\t\t\t<\/div>\n\t\t<\/section>\n\t\t\t\t<section class=\"elementor-section elementor-top-section elementor-element elementor-element-173d647 elementor-section-full_width elementor-section-height-default elementor-section-height-default\" data-id=\"173d647\" data-element_type=\"section\">\n\t\t\t\t\t\t<div class=\"elementor-container elementor-column-gap-default\">\n\t\t\t\t\t<div class=\"elementor-column elementor-col-100 elementor-top-column elementor-element elementor-element-68a5ae0\" data-id=\"68a5ae0\" data-element_type=\"column\">\n\t\t\t<div class=\"elementor-widget-wrap elementor-element-populated\">\n\t\t\t\t\t\t<section class=\"elementor-section elementor-inner-section elementor-element elementor-element-e7bcd78 elementor-section-full_width elementor-section-height-default elementor-section-height-default\" data-id=\"e7bcd78\" data-element_type=\"section\">\n\t\t\t\t\t\t<div class=\"elementor-container elementor-column-gap-default\">\n\t\t\t\t\t<div class=\"elementor-column elementor-col-50 elementor-inner-column elementor-element elementor-element-03c5935\" data-id=\"03c5935\" data-element_type=\"column\">\n\t\t\t<div class=\"elementor-widget-wrap elementor-element-populated\">\n\t\t\t\t\t\t<div class=\"elementor-element elementor-element-556048f elementor-widget elementor-widget-text-editor\" data-id=\"556048f\" data-element_type=\"widget\" data-widget_type=\"text-editor.default\">\n\t\t\t\t<div class=\"elementor-widget-container\">\n\t\t\t\t\t\t\t\t\t<p>\u00bfTe cuesta encontrar tu empresa cuando<\/p><p>buscas en <strong>Google<\/strong>?<\/p>\t\t\t\t\t\t\t\t<\/div>\n\t\t\t\t<\/div>\n\t\t\t\t<div class=\"elementor-element elementor-element-7b9bbf6 elementor-widget elementor-widget-text-editor\" data-id=\"7b9bbf6\" data-element_type=\"widget\" data-widget_type=\"text-editor.default\">\n\t\t\t\t<div class=\"elementor-widget-container\">\n\t\t\t\t\t\t\t\t\t<p>\u00bfQuieres hacerte m\u00e1s visible para que te<\/p><p>encuentren clientes?<\/p>\t\t\t\t\t\t\t\t<\/div>\n\t\t\t\t<\/div>\n\t\t\t\t<div class=\"elementor-element elementor-element-2feceba elementor-widget elementor-widget-text-editor\" data-id=\"2feceba\" data-element_type=\"widget\" data-widget_type=\"text-editor.default\">\n\t\t\t\t<div class=\"elementor-widget-container\">\n\t\t\t\t\t\t\t\t\t<p>Entonces necesitas mejorar el<\/p><p><strong>posicionamiento SEO<\/strong> del sitio web de tu<\/p><p>negocio.<\/p>\t\t\t\t\t\t\t\t<\/div>\n\t\t\t\t<\/div>\n\t\t\t\t\t<\/div>\n\t\t<\/div>\n\t\t\t\t<div class=\"elementor-column elementor-col-50 elementor-inner-column elementor-element elementor-element-fff0c0e\" data-id=\"fff0c0e\" data-element_type=\"column\">\n\t\t\t<div class=\"elementor-widget-wrap elementor-element-populated\">\n\t\t\t\t\t\t<div class=\"elementor-element elementor-element-3eeb1a8 elementor-widget elementor-widget-image\" data-id=\"3eeb1a8\" data-element_type=\"widget\" data-widget_type=\"image.default\">\n\t\t\t\t<div class=\"elementor-widget-container\">\n\t\t\t\t\t\t\t\t\t\t\t\t\t\t\t<img fetchpriority=\"high\" decoding=\"async\" width=\"800\" height=\"400\" src=\"https:\/\/a12comunicacion.com\/wp-content\/uploads\/2023\/08\/4.jpg\" class=\"attachment-large size-large wp-image-86\" alt=\"\" srcset=\"https:\/\/a12comunicacion.com\/wp-content\/uploads\/2023\/08\/4.jpg 1019w, https:\/\/a12comunicacion.com\/wp-content\/uploads\/2023\/08\/4-300x150.jpg 300w, https:\/\/a12comunicacion.com\/wp-content\/uploads\/2023\/08\/4-768x384.jpg 768w\" sizes=\"(max-width: 800px) 100vw, 800px\" \/>\t\t\t\t\t\t\t\t\t\t\t\t\t\t\t<\/div>\n\t\t\t\t<\/div>\n\t\t\t\t\t<\/div>\n\t\t<\/div>\n\t\t\t\t\t<\/div>\n\t\t<\/section>\n\t\t\t\t\t<\/div>\n\t\t<\/div>\n\t\t\t\t\t<\/div>\n\t\t<\/section>\n\t\t\t\t<section class=\"elementor-section elementor-top-section elementor-element elementor-element-10ebf16 elementor-section-full_width elementor-section-height-default elementor-section-height-default\" data-id=\"10ebf16\" data-element_type=\"section\">\n\t\t\t\t\t\t<div class=\"elementor-container elementor-column-gap-default\">\n\t\t\t\t\t<div class=\"elementor-column elementor-col-100 elementor-top-column elementor-element elementor-element-eb12600\" data-id=\"eb12600\" data-element_type=\"column\">\n\t\t\t<div class=\"elementor-widget-wrap elementor-element-populated\">\n\t\t\t\t\t\t<div class=\"elementor-element elementor-element-b0e4005 elementor-widget elementor-widget-heading\" data-id=\"b0e4005\" data-element_type=\"widget\" data-widget_type=\"heading.default\">\n\t\t\t\t<div class=\"elementor-widget-container\">\n\t\t\t\t\t<h2 class=\"elementor-heading-title elementor-size-default\">Pide tu presupuesto a medida<\/h2>\t\t\t\t<\/div>\n\t\t\t\t<\/div>\n\t\t\t\t\t<\/div>\n\t\t<\/div>\n\t\t\t\t\t<\/div>\n\t\t<\/section>\n\t\t\t\t<section class=\"elementor-section elementor-top-section elementor-element elementor-element-ed68b0b elementor-section-full_width elementor-section-height-default elementor-section-height-default\" data-id=\"ed68b0b\" data-element_type=\"section\">\n\t\t\t\t\t\t<div class=\"elementor-container elementor-column-gap-default\">\n\t\t\t\t\t<div class=\"elementor-column elementor-col-100 elementor-top-column elementor-element elementor-element-b690dbd\" data-id=\"b690dbd\" data-element_type=\"column\">\n\t\t\t<div class=\"elementor-widget-wrap elementor-element-populated\">\n\t\t\t\t\t\t<div class=\"elementor-element elementor-element-b00bde3 elementor-widget elementor-widget-shortcode\" data-id=\"b00bde3\" data-element_type=\"widget\" data-widget_type=\"shortcode.default\">\n\t\t\t\t<div class=\"elementor-widget-container\">\n\t\t\t\t\t\t\t<div class=\"elementor-shortcode\">\n<div class=\"wpcf7 no-js\" id=\"wpcf7-f64-o1\" lang=\"es-ES\" dir=\"ltr\" data-wpcf7-id=\"64\">\n<div class=\"screen-reader-response\"><p role=\"status\" aria-live=\"polite\" aria-atomic=\"true\"><\/p> <ul><\/ul><\/div>\n<form action=\"\/index.php\/wp-json\/wp\/v2\/pages\/77#wpcf7-f64-o1\" method=\"post\" class=\"wpcf7-form init\" aria-label=\"Formulario de contacto\" novalidate=\"novalidate\" data-status=\"init\">\n<fieldset class=\"hidden-fields-container\"><input type=\"hidden\" name=\"_wpcf7\" value=\"64\" \/><input type=\"hidden\" name=\"_wpcf7_version\" value=\"6.1.3\" \/><input type=\"hidden\" name=\"_wpcf7_locale\" value=\"es_ES\" \/><input type=\"hidden\" name=\"_wpcf7_unit_tag\" value=\"wpcf7-f64-o1\" \/><input type=\"hidden\" name=\"_wpcf7_container_post\" value=\"0\" \/><input type=\"hidden\" name=\"_wpcf7_posted_data_hash\" value=\"\" \/>\n<\/fieldset>\n<div id=\"responsive-form\" class=\"clearfix\">\n\t<div class=\"form-row\">\n\t\t<div class=\"column-half\">\n\t\t\t<div class=\"form-row\">\n\t\t\t\t<div class=\"column-half\">\n\t\t\t\t\t<p>Nombre <span class=\"wpcf7-form-control-wrap\" data-name=\"first-name\"><input size=\"40\" maxlength=\"400\" class=\"wpcf7-form-control wpcf7-text wpcf7-validates-as-required\" aria-required=\"true\" aria-invalid=\"false\" value=\"\" type=\"text\" name=\"first-name\" \/><\/span>\n\t\t\t\t\t<\/p>\n\t\t\t\t<\/div>\n\t\t\t\t<div class=\"column-half\">\n\t\t\t\t\t<p>Apellidos <span class=\"wpcf7-form-control-wrap\" data-name=\"last-name\"><input size=\"40\" maxlength=\"400\" class=\"wpcf7-form-control wpcf7-text wpcf7-validates-as-required\" aria-required=\"true\" aria-invalid=\"false\" value=\"\" type=\"text\" name=\"last-name\" \/><\/span>\n\t\t\t\t\t<\/p>\n\t\t\t\t<\/div>\n\t\t\t<\/div>\n\t\t\t<div class=\"form-row\">\n\t\t\t\t<div class=\"column-half\">\n\t\t\t\t\t<p>Tel\u00e9fono <span class=\"wpcf7-form-control-wrap\" data-name=\"your-phone\"><input size=\"40\" maxlength=\"400\" class=\"wpcf7-form-control wpcf7-text wpcf7-validates-as-required\" aria-required=\"true\" aria-invalid=\"false\" value=\"\" type=\"text\" name=\"your-phone\" \/><\/span>\n\t\t\t\t\t<\/p>\n\t\t\t\t<\/div>\n\t\t\t\t<div class=\"column-half\">\n\t\t\t\t\t<p>Email <span class=\"wpcf7-form-control-wrap\" data-name=\"your-email\"><input size=\"40\" maxlength=\"400\" class=\"wpcf7-form-control wpcf7-email wpcf7-validates-as-required wpcf7-text wpcf7-validates-as-email\" aria-required=\"true\" aria-invalid=\"false\" value=\"\" type=\"email\" name=\"your-email\" \/><\/span>\n\t\t\t\t\t<\/p>\n\t\t\t\t<\/div>\n\t\t\t<\/div>\n\t\t<\/div>\n\t\t<div class=\"column-half\">\n\t\t\t<div class=\"form-row\">\n\t\t\t\t<div class=\"column-full altura\">\n\t\t\t\t\t<p>\u00bfQu\u00e9 necesitas? <span class=\"wpcf7-form-control-wrap\" data-name=\"your-message\"><textarea cols=\"40\" rows=\"10\" maxlength=\"2000\" class=\"wpcf7-form-control wpcf7-textarea\" aria-invalid=\"false\" name=\"your-message\"><\/textarea><\/span>\n\t\t\t\t\t<\/p>\n\t\t\t\t<\/div>\n\t\t\t<\/div>\n\t\t<\/div>\n\t\t<div class=\"form-row\">\n\t\t\t<div class=\"column-full boton-centrado\">\n\t\t\t\t<p><input class=\"wpcf7-form-control wpcf7-submit has-spinner\" type=\"submit\" value=\"Solicitar sin compromiso\" \/>\n\t\t\t\t<\/p>\n\t\t\t<\/div>\n\t\t<\/div>\n\t<\/div>\n<\/div><div class=\"wpcf7-response-output\" aria-hidden=\"true\"><\/div>\n<\/form>\n<\/div>\n<\/div>\n\t\t\t\t\t\t<\/div>\n\t\t\t\t<\/div>\n\t\t\t\t\t<\/div>\n\t\t<\/div>\n\t\t\t\t\t<\/div>\n\t\t<\/section>\n\t\t\t\t<section class=\"elementor-section elementor-top-section elementor-element elementor-element-664ab75 elementor-section-full_width elementor-section-height-default elementor-section-height-default\" data-id=\"664ab75\" data-element_type=\"section\" data-settings=\"{&quot;background_background&quot;:&quot;classic&quot;}\">\n\t\t\t\t\t\t<div class=\"elementor-container elementor-column-gap-default\">\n\t\t\t\t\t<div class=\"elementor-column elementor-col-100 elementor-top-column elementor-element elementor-element-4807676\" data-id=\"4807676\" data-element_type=\"column\">\n\t\t\t<div class=\"elementor-widget-wrap elementor-element-populated\">\n\t\t\t\t\t\t<div class=\"elementor-element elementor-element-c91d0f1 elementor-widget elementor-widget-heading\" data-id=\"c91d0f1\" data-element_type=\"widget\" data-widget_type=\"heading.default\">\n\t\t\t\t<div class=\"elementor-widget-container\">\n\t\t\t\t\t<h2 class=\"elementor-heading-title elementor-size-default\">\u00bfQu\u00e9 es el SEO?<\/h2>\t\t\t\t<\/div>\n\t\t\t\t<\/div>\n\t\t\t\t<section class=\"elementor-section elementor-inner-section elementor-element elementor-element-71008ce elementor-section-full_width elementor-section-height-default elementor-section-height-default\" data-id=\"71008ce\" data-element_type=\"section\">\n\t\t\t\t\t\t<div class=\"elementor-container elementor-column-gap-default\">\n\t\t\t\t\t<div class=\"elementor-column elementor-col-50 elementor-inner-column elementor-element elementor-element-d4b93c9\" data-id=\"d4b93c9\" data-element_type=\"column\">\n\t\t\t<div class=\"elementor-widget-wrap elementor-element-populated\">\n\t\t\t\t\t\t<div class=\"elementor-element elementor-element-4591483 elementor-widget elementor-widget-text-editor\" data-id=\"4591483\" data-element_type=\"widget\" data-widget_type=\"text-editor.default\">\n\t\t\t\t<div class=\"elementor-widget-container\">\n\t\t\t\t\t\t\t\t\t<p>El <strong>SEO<\/strong> (Search Engine Optimization) es un conjunto de par\u00e1metros en los que se apoyan los <strong>buscadores de internet<\/strong> para determinar el valor de una p\u00e1gina web y de su contenido.<\/p><p>Dicho de otra manera, si cumples con unos requisitos en tu p\u00e1gina y tus contenidos, los buscadores como Google entender\u00e1n que tu p\u00e1gina se ajusta a lo que busca el usuario.<\/p>\t\t\t\t\t\t\t\t<\/div>\n\t\t\t\t<\/div>\n\t\t\t\t\t<\/div>\n\t\t<\/div>\n\t\t\t\t<div class=\"elementor-column elementor-col-50 elementor-inner-column elementor-element elementor-element-e0fbd9f\" data-id=\"e0fbd9f\" data-element_type=\"column\">\n\t\t\t<div class=\"elementor-widget-wrap elementor-element-populated\">\n\t\t\t\t\t\t<div class=\"elementor-element elementor-element-95e8ca4 elementor-widget elementor-widget-text-editor\" data-id=\"95e8ca4\" data-element_type=\"widget\" data-widget_type=\"text-editor.default\">\n\t\t\t\t<div class=\"elementor-widget-container\">\n\t\t\t\t\t\t\t\t\t<p>Por esto es importante el SEO. El mayor consumo de informaci\u00f3n en internet empieza por una b\u00fasqueda en Google. Si le demostramos a Google que damos informaci\u00f3n de calidad y se la ponemos de forma accesible nos posicionar\u00e1 entre sus mejores resultados.<\/p><p>Esto no es algo autom\u00e1tico pero un bien trabajo de SEO, con su mantenimiento, har\u00e1 que t\u00fa p\u00e1gina web escale posiciones de cara a que los posibles clientes te encuentren.<\/p>\t\t\t\t\t\t\t\t<\/div>\n\t\t\t\t<\/div>\n\t\t\t\t\t<\/div>\n\t\t<\/div>\n\t\t\t\t\t<\/div>\n\t\t<\/section>\n\t\t\t\t\t<\/div>\n\t\t<\/div>\n\t\t\t\t\t<\/div>\n\t\t<\/section>\n\t\t\t\t<\/div>\n\t\t","protected":false},"excerpt":{"rendered":"<p>Posicionamiento SEO \u00bfTe cuesta encontrar tu empresa cuando buscas en Google? \u00bfQuieres hacerte m\u00e1s visible para que te encuentren clientes? Entonces necesitas mejorar el posicionamiento SEO del sitio web de tu negocio. Pide tu presupuesto a medida \u00bfQu\u00e9 es el SEO? El SEO (Search Engine Optimization) es un conjunto de par\u00e1metros en los que se [&hellip;]<\/p>\n","protected":false},"author":1,"featured_media":0,"parent":0,"menu_order":0,"comment_status":"closed","ping_status":"closed","template":"","meta":{"footnotes":""},"class_list":["post-77","page","type-page","status-publish","hentry"],"yoast_head":"<!-- This site is optimized with the Yoast SEO plugin v26.3 - https:\/\/yoast.com\/wordpress\/plugins\/seo\/ -->\n<title>SEO - A12 Comunicaci\u00f3n<\/title>\n<meta name=\"robots\" content=\"index, follow, max-snippet:-1, max-image-preview:large, max-video-preview:-1\" \/>\n<link rel=\"canonical\" href=\"https:\/\/a12comunicacion.com\/index.php\/elementor-77\/\" \/>\n<meta property=\"og:locale\" content=\"es_ES\" \/>\n<meta property=\"og:type\" content=\"article\" \/>\n<meta property=\"og:title\" content=\"SEO - A12 Comunicaci\u00f3n\" \/>\n<meta property=\"og:description\" content=\"Posicionamiento SEO \u00bfTe cuesta encontrar tu empresa cuando buscas en Google? \u00bfQuieres hacerte m\u00e1s visible para que te encuentren clientes? Entonces necesitas mejorar el posicionamiento SEO del sitio web de tu negocio. Pide tu presupuesto a medida \u00bfQu\u00e9 es el SEO? El SEO (Search Engine Optimization) es un conjunto de par\u00e1metros en los que se [&hellip;]\" \/>\n<meta property=\"og:url\" content=\"https:\/\/a12comunicacion.com\/index.php\/elementor-77\/\" \/>\n<meta property=\"og:site_name\" content=\"A12 Comunicaci\u00f3n\" \/>\n<meta property=\"article:modified_time\" content=\"2023-08-29T08:30:46+00:00\" \/>\n<meta property=\"og:image\" content=\"https:\/\/a12comunicacion.com\/wp-content\/uploads\/2023\/08\/4.jpg\" \/>\n<meta name=\"twitter:card\" content=\"summary_large_image\" \/>\n<meta name=\"twitter:label1\" content=\"Tiempo de lectura\" \/>\n\t<meta name=\"twitter:data1\" content=\"1 minuto\" \/>\n<script type=\"application\/ld+json\" class=\"yoast-schema-graph\">{\"@context\":\"https:\/\/schema.org\",\"@graph\":[{\"@type\":\"WebPage\",\"@id\":\"https:\/\/a12comunicacion.com\/index.php\/elementor-77\/\",\"url\":\"https:\/\/a12comunicacion.com\/index.php\/elementor-77\/\",\"name\":\"SEO - A12 Comunicaci\u00f3n\",\"isPartOf\":{\"@id\":\"https:\/\/a12comunicacion.com\/#website\"},\"primaryImageOfPage\":{\"@id\":\"https:\/\/a12comunicacion.com\/index.php\/elementor-77\/#primaryimage\"},\"image\":{\"@id\":\"https:\/\/a12comunicacion.com\/index.php\/elementor-77\/#primaryimage\"},\"thumbnailUrl\":\"https:\/\/a12comunicacion.com\/wp-content\/uploads\/2023\/08\/4.jpg\",\"datePublished\":\"2023-08-29T06:28:25+00:00\",\"dateModified\":\"2023-08-29T08:30:46+00:00\",\"inLanguage\":\"es\",\"potentialAction\":[{\"@type\":\"ReadAction\",\"target\":[\"https:\/\/a12comunicacion.com\/index.php\/elementor-77\/\"]}]},{\"@type\":\"ImageObject\",\"inLanguage\":\"es\",\"@id\":\"https:\/\/a12comunicacion.com\/index.php\/elementor-77\/#primaryimage\",\"url\":\"https:\/\/a12comunicacion.com\/wp-content\/uploads\/2023\/08\/4.jpg\",\"contentUrl\":\"https:\/\/a12comunicacion.com\/wp-content\/uploads\/2023\/08\/4.jpg\",\"width\":1019,\"height\":510},{\"@type\":\"WebSite\",\"@id\":\"https:\/\/a12comunicacion.com\/#website\",\"url\":\"https:\/\/a12comunicacion.com\/\",\"name\":\"A12 Comunicaci\u00f3n\",\"description\":\"\",\"publisher\":{\"@id\":\"https:\/\/a12comunicacion.com\/#organization\"},\"potentialAction\":[{\"@type\":\"SearchAction\",\"target\":{\"@type\":\"EntryPoint\",\"urlTemplate\":\"https:\/\/a12comunicacion.com\/?s={search_term_string}\"},\"query-input\":{\"@type\":\"PropertyValueSpecification\",\"valueRequired\":true,\"valueName\":\"search_term_string\"}}],\"inLanguage\":\"es\"},{\"@type\":\"Organization\",\"@id\":\"https:\/\/a12comunicacion.com\/#organization\",\"name\":\"A12 Comunicaci\u00f3n\",\"url\":\"https:\/\/a12comunicacion.com\/\",\"logo\":{\"@type\":\"ImageObject\",\"inLanguage\":\"es\",\"@id\":\"https:\/\/a12comunicacion.com\/#\/schema\/logo\/image\/\",\"url\":\"https:\/\/a12comunicacion.com\/wp-content\/uploads\/2023\/08\/logo.png\",\"contentUrl\":\"https:\/\/a12comunicacion.com\/wp-content\/uploads\/2023\/08\/logo.png\",\"width\":500,\"height\":353,\"caption\":\"A12 Comunicaci\u00f3n\"},\"image\":{\"@id\":\"https:\/\/a12comunicacion.com\/#\/schema\/logo\/image\/\"}}]}<\/script>\n<!-- \/ Yoast SEO plugin. -->","yoast_head_json":{"title":"SEO - A12 Comunicaci\u00f3n","robots":{"index":"index","follow":"follow","max-snippet":"max-snippet:-1","max-image-preview":"max-image-preview:large","max-video-preview":"max-video-preview:-1"},"canonical":"https:\/\/a12comunicacion.com\/index.php\/elementor-77\/","og_locale":"es_ES","og_type":"article","og_title":"SEO - A12 Comunicaci\u00f3n","og_description":"Posicionamiento SEO \u00bfTe cuesta encontrar tu empresa cuando buscas en Google? \u00bfQuieres hacerte m\u00e1s visible para que te encuentren clientes? Entonces necesitas mejorar el posicionamiento SEO del sitio web de tu negocio. Pide tu presupuesto a medida \u00bfQu\u00e9 es el SEO? El SEO (Search Engine Optimization) es un conjunto de par\u00e1metros en los que se [&hellip;]","og_url":"https:\/\/a12comunicacion.com\/index.php\/elementor-77\/","og_site_name":"A12 Comunicaci\u00f3n","article_modified_time":"2023-08-29T08:30:46+00:00","og_image":[{"url":"https:\/\/a12comunicacion.com\/wp-content\/uploads\/2023\/08\/4.jpg","type":"","width":"","height":""}],"twitter_card":"summary_large_image","twitter_misc":{"Tiempo de lectura":"1 minuto"},"schema":{"@context":"https:\/\/schema.org","@graph":[{"@type":"WebPage","@id":"https:\/\/a12comunicacion.com\/index.php\/elementor-77\/","url":"https:\/\/a12comunicacion.com\/index.php\/elementor-77\/","name":"SEO - A12 Comunicaci\u00f3n","isPartOf":{"@id":"https:\/\/a12comunicacion.com\/#website"},"primaryImageOfPage":{"@id":"https:\/\/a12comunicacion.com\/index.php\/elementor-77\/#primaryimage"},"image":{"@id":"https:\/\/a12comunicacion.com\/index.php\/elementor-77\/#primaryimage"},"thumbnailUrl":"https:\/\/a12comunicacion.com\/wp-content\/uploads\/2023\/08\/4.jpg","datePublished":"2023-08-29T06:28:25+00:00","dateModified":"2023-08-29T08:30:46+00:00","inLanguage":"es","potentialAction":[{"@type":"ReadAction","target":["https:\/\/a12comunicacion.com\/index.php\/elementor-77\/"]}]},{"@type":"ImageObject","inLanguage":"es","@id":"https:\/\/a12comunicacion.com\/index.php\/elementor-77\/#primaryimage","url":"https:\/\/a12comunicacion.com\/wp-content\/uploads\/2023\/08\/4.jpg","contentUrl":"https:\/\/a12comunicacion.com\/wp-content\/uploads\/2023\/08\/4.jpg","width":1019,"height":510},{"@type":"WebSite","@id":"https:\/\/a12comunicacion.com\/#website","url":"https:\/\/a12comunicacion.com\/","name":"A12 Comunicaci\u00f3n","description":"","publisher":{"@id":"https:\/\/a12comunicacion.com\/#organization"},"potentialAction":[{"@type":"SearchAction","target":{"@type":"EntryPoint","urlTemplate":"https:\/\/a12comunicacion.com\/?s={search_term_string}"},"query-input":{"@type":"PropertyValueSpecification","valueRequired":true,"valueName":"search_term_string"}}],"inLanguage":"es"},{"@type":"Organization","@id":"https:\/\/a12comunicacion.com\/#organization","name":"A12 Comunicaci\u00f3n","url":"https:\/\/a12comunicacion.com\/","logo":{"@type":"ImageObject","inLanguage":"es","@id":"https:\/\/a12comunicacion.com\/#\/schema\/logo\/image\/","url":"https:\/\/a12comunicacion.com\/wp-content\/uploads\/2023\/08\/logo.png","contentUrl":"https:\/\/a12comunicacion.com\/wp-content\/uploads\/2023\/08\/logo.png","width":500,"height":353,"caption":"A12 Comunicaci\u00f3n"},"image":{"@id":"https:\/\/a12comunicacion.com\/#\/schema\/logo\/image\/"}}]}},"_links":{"self":[{"href":"https:\/\/a12comunicacion.com\/index.php\/wp-json\/wp\/v2\/pages\/77","targetHints":{"allow":["GET"]}}],"collection":[{"href":"https:\/\/a12comunicacion.com\/index.php\/wp-json\/wp\/v2\/pages"}],"about":[{"href":"https:\/\/a12comunicacion.com\/index.php\/wp-json\/wp\/v2\/types\/page"}],"author":[{"embeddable":true,"href":"https:\/\/a12comunicacion.com\/index.php\/wp-json\/wp\/v2\/users\/1"}],"replies":[{"embeddable":true,"href":"https:\/\/a12comunicacion.com\/index.php\/wp-json\/wp\/v2\/comments?post=77"}],"version-history":[{"count":32,"href":"https:\/\/a12comunicacion.com\/index.php\/wp-json\/wp\/v2\/pages\/77\/revisions"}],"predecessor-version":[{"id":169,"href":"https:\/\/a12comunicacion.com\/index.php\/wp-json\/wp\/v2\/pages\/77\/revisions\/169"}],"wp:attachment":[{"href":"https:\/\/a12comunicacion.com\/index.php\/wp-json\/wp\/v2\/media?parent=77"}],"curies":[{"name":"wp","href":"https:\/\/api.w.org\/{rel}","templated":true}]}}