{"id":219,"date":"2023-09-06T14:43:28","date_gmt":"2023-09-06T14:43:28","guid":{"rendered":"https:\/\/a12comunicacion.com\/?page_id=219"},"modified":"2023-09-06T14:54:18","modified_gmt":"2023-09-06T14:54:18","slug":"rrss","status":"publish","type":"page","link":"https:\/\/a12comunicacion.com\/index.php\/rrss\/","title":{"rendered":"RRSS"},"content":{"rendered":"\t\t<div data-elementor-type=\"wp-page\" data-elementor-id=\"219\" class=\"elementor elementor-219\" data-elementor-post-type=\"page\">\n\t\t\t\t\t\t<section class=\"elementor-section elementor-top-section elementor-element elementor-element-6a60c27 elementor-section-boxed elementor-section-height-default elementor-section-height-default\" data-id=\"6a60c27\" data-element_type=\"section\">\n\t\t\t\t\t\t<div class=\"elementor-container elementor-column-gap-default\">\n\t\t\t\t\t<div class=\"elementor-column elementor-col-100 elementor-top-column elementor-element elementor-element-a63603a\" data-id=\"a63603a\" data-element_type=\"column\">\n\t\t\t<div class=\"elementor-widget-wrap elementor-element-populated\">\n\t\t\t\t\t\t<div class=\"elementor-element elementor-element-93f9579 elementor-widget elementor-widget-heading\" data-id=\"93f9579\" data-element_type=\"widget\" data-widget_type=\"heading.default\">\n\t\t\t\t<div class=\"elementor-widget-container\">\n\t\t\t\t\t<h2 class=\"elementor-heading-title elementor-size-default\">\u00bfPor qu\u00e9 tiene que estar tu \nempresa en Redes Sociales?<\/h2>\t\t\t\t<\/div>\n\t\t\t\t<\/div>\n\t\t\t\t<div class=\"elementor-element elementor-element-e8e973b elementor-icon-list--layout-traditional elementor-list-item-link-full_width elementor-widget elementor-widget-icon-list\" data-id=\"e8e973b\" data-element_type=\"widget\" data-widget_type=\"icon-list.default\">\n\t\t\t\t<div class=\"elementor-widget-container\">\n\t\t\t\t\t\t\t<ul class=\"elementor-icon-list-items\">\n\t\t\t\t\t\t\t<li class=\"elementor-icon-list-item\">\n\t\t\t\t\t\t\t\t\t\t<span class=\"elementor-icon-list-text\">1. Mejorar\u00e1 el \u00edndice de crecimiento de tu negocio.<\/span>\n\t\t\t\t\t\t\t\t\t<\/li>\n\t\t\t\t\t\t\t\t<li class=\"elementor-icon-list-item\">\n\t\t\t\t\t\t\t\t\t\t<span class=\"elementor-icon-list-text\">2. Las RRSS nos permiten llegar a gran parte de sociedad.<\/span>\n\t\t\t\t\t\t\t\t\t<\/li>\n\t\t\t\t\t\t\t\t<li class=\"elementor-icon-list-item\">\n\t\t\t\t\t\t\t\t\t\t<span class=\"elementor-icon-list-text\">3. Puedes dirigirte a tu p\u00fablico objetivo.<\/span>\n\t\t\t\t\t\t\t\t\t<\/li>\n\t\t\t\t\t\t\t\t<li class=\"elementor-icon-list-item\">\n\t\t\t\t\t\t\t\t\t\t<span class=\"elementor-icon-list-text\">4. Ayuda a generar imagen de marca.<\/span>\n\t\t\t\t\t\t\t\t\t<\/li>\n\t\t\t\t\t\t\t\t<li class=\"elementor-icon-list-item\">\n\t\t\t\t\t\t\t\t\t\t<span class=\"elementor-icon-list-text\">5. Las RRSS nos ofrecen transparencia de cara a nuestros clientes.<\/span>\n\t\t\t\t\t\t\t\t\t<\/li>\n\t\t\t\t\t\t\t\t<li class=\"elementor-icon-list-item\">\n\t\t\t\t\t\t\t\t\t\t<span class=\"elementor-icon-list-text\">6. Podr\u00e1s informar de tu empresa\/negocio.<\/span>\n\t\t\t\t\t\t\t\t\t<\/li>\n\t\t\t\t\t\t\t\t<li class=\"elementor-icon-list-item\">\n\t\t\t\t\t\t\t\t\t\t<span class=\"elementor-icon-list-text\">7. Puedes mostrarte de una forma creativa.<\/span>\n\t\t\t\t\t\t\t\t\t<\/li>\n\t\t\t\t\t\t\t\t<li class=\"elementor-icon-list-item\">\n\t\t\t\t\t\t\t\t\t\t<span class=\"elementor-icon-list-text\">8. La comunicaci\u00f3n con tu p\u00fablico ser\u00e1 f\u00e1cil y r\u00e1pida.<\/span>\n\t\t\t\t\t\t\t\t\t<\/li>\n\t\t\t\t\t\t\t\t<li class=\"elementor-icon-list-item\">\n\t\t\t\t\t\t\t\t\t\t<span class=\"elementor-icon-list-text\">9. Suponen un gran avance a bajo coste.<\/span>\n\t\t\t\t\t\t\t\t\t<\/li>\n\t\t\t\t\t\t\t\t<li class=\"elementor-icon-list-item\">\n\t\t\t\t\t\t\t\t\t\t<span class=\"elementor-icon-list-text\">10. Puedes llegar a cada rinc\u00f3n del mundo.<\/span>\n\t\t\t\t\t\t\t\t\t<\/li>\n\t\t\t\t\t\t<\/ul>\n\t\t\t\t\t\t<\/div>\n\t\t\t\t<\/div>\n\t\t\t\t<div class=\"elementor-element elementor-element-bf1475c elementor-widget elementor-widget-text-editor\" data-id=\"bf1475c\" data-element_type=\"widget\" data-widget_type=\"text-editor.default\">\n\t\t\t\t<div class=\"elementor-widget-container\">\n\t\t\t\t\t\t\t\t\tAnalizaremos tus perfiles de Redes Sociales para comprobar su estado de salud y sus posibilidades. En base a los resultados obtenidos haremos un plan de comunicaci\u00f3n a tu medida teniendo en cuenta tus circunstancias concretas. Te aseguramos unos perfiles vivos de Redes Sociales que ofrecer\u00e1n informaci\u00f3n de inter\u00e9s a tu audiencia y posibles clientes.\t\t\t\t\t\t\t\t<\/div>\n\t\t\t\t<\/div>\n\t\t\t\t<div class=\"elementor-element elementor-element-0dd3b9c elementor-widget elementor-widget-text-editor\" data-id=\"0dd3b9c\" data-element_type=\"widget\" data-widget_type=\"text-editor.default\">\n\t\t\t\t<div class=\"elementor-widget-container\">\n\t\t\t\t\t\t\t\t\tPide presupuesto sin compromiso de nuestro servicio de gesti\u00f3n de Redes Sociales. Aprov\u00e9chate de todas las posibilidades que brindan para tu empresa\/negocio.\t\t\t\t\t\t\t\t<\/div>\n\t\t\t\t<\/div>\n\t\t\t\t\t<\/div>\n\t\t<\/div>\n\t\t\t\t\t<\/div>\n\t\t<\/section>\n\t\t\t\t<\/div>\n\t\t","protected":false},"excerpt":{"rendered":"<p>\u00bfPor qu\u00e9 tiene que estar tu empresa en Redes Sociales? 1. Mejorar\u00e1 el \u00edndice de crecimiento de tu negocio. 2. Las RRSS nos permiten llegar a gran parte de sociedad. 3. Puedes dirigirte a tu p\u00fablico objetivo. 4. Ayuda a generar imagen de marca. 5. Las RRSS nos ofrecen transparencia de cara a nuestros clientes. [&hellip;]<\/p>\n","protected":false},"author":1,"featured_media":0,"parent":0,"menu_order":0,"comment_status":"closed","ping_status":"closed","template":"","meta":{"footnotes":""},"class_list":["post-219","page","type-page","status-publish","hentry"],"yoast_head":"<!-- This site is optimized with the Yoast SEO plugin v26.3 - https:\/\/yoast.com\/wordpress\/plugins\/seo\/ -->\n<title>RRSS - A12 Comunicaci\u00f3n<\/title>\n<meta name=\"robots\" content=\"index, follow, max-snippet:-1, max-image-preview:large, max-video-preview:-1\" \/>\n<link rel=\"canonical\" href=\"https:\/\/a12comunicacion.com\/index.php\/rrss\/\" \/>\n<meta property=\"og:locale\" content=\"es_ES\" \/>\n<meta property=\"og:type\" content=\"article\" \/>\n<meta property=\"og:title\" content=\"RRSS - A12 Comunicaci\u00f3n\" \/>\n<meta property=\"og:description\" content=\"\u00bfPor qu\u00e9 tiene que estar tu empresa en Redes Sociales? 1. Mejorar\u00e1 el \u00edndice de crecimiento de tu negocio. 2. Las RRSS nos permiten llegar a gran parte de sociedad. 3. Puedes dirigirte a tu p\u00fablico objetivo. 4. Ayuda a generar imagen de marca. 5. Las RRSS nos ofrecen transparencia de cara a nuestros clientes. [&hellip;]\" \/>\n<meta property=\"og:url\" content=\"https:\/\/a12comunicacion.com\/index.php\/rrss\/\" \/>\n<meta property=\"og:site_name\" content=\"A12 Comunicaci\u00f3n\" \/>\n<meta property=\"article:modified_time\" content=\"2023-09-06T14:54:18+00:00\" \/>\n<meta name=\"twitter:card\" content=\"summary_large_image\" \/>\n<meta name=\"twitter:label1\" content=\"Tiempo de lectura\" \/>\n\t<meta name=\"twitter:data1\" content=\"1 minuto\" \/>\n<script type=\"application\/ld+json\" class=\"yoast-schema-graph\">{\"@context\":\"https:\/\/schema.org\",\"@graph\":[{\"@type\":\"WebPage\",\"@id\":\"https:\/\/a12comunicacion.com\/index.php\/rrss\/\",\"url\":\"https:\/\/a12comunicacion.com\/index.php\/rrss\/\",\"name\":\"RRSS - A12 Comunicaci\u00f3n\",\"isPartOf\":{\"@id\":\"https:\/\/a12comunicacion.com\/#website\"},\"datePublished\":\"2023-09-06T14:43:28+00:00\",\"dateModified\":\"2023-09-06T14:54:18+00:00\",\"inLanguage\":\"es\",\"potentialAction\":[{\"@type\":\"ReadAction\",\"target\":[\"https:\/\/a12comunicacion.com\/index.php\/rrss\/\"]}]},{\"@type\":\"WebSite\",\"@id\":\"https:\/\/a12comunicacion.com\/#website\",\"url\":\"https:\/\/a12comunicacion.com\/\",\"name\":\"A12 Comunicaci\u00f3n\",\"description\":\"\",\"publisher\":{\"@id\":\"https:\/\/a12comunicacion.com\/#organization\"},\"potentialAction\":[{\"@type\":\"SearchAction\",\"target\":{\"@type\":\"EntryPoint\",\"urlTemplate\":\"https:\/\/a12comunicacion.com\/?s={search_term_string}\"},\"query-input\":{\"@type\":\"PropertyValueSpecification\",\"valueRequired\":true,\"valueName\":\"search_term_string\"}}],\"inLanguage\":\"es\"},{\"@type\":\"Organization\",\"@id\":\"https:\/\/a12comunicacion.com\/#organization\",\"name\":\"A12 Comunicaci\u00f3n\",\"url\":\"https:\/\/a12comunicacion.com\/\",\"logo\":{\"@type\":\"ImageObject\",\"inLanguage\":\"es\",\"@id\":\"https:\/\/a12comunicacion.com\/#\/schema\/logo\/image\/\",\"url\":\"https:\/\/a12comunicacion.com\/wp-content\/uploads\/2023\/08\/logo.png\",\"contentUrl\":\"https:\/\/a12comunicacion.com\/wp-content\/uploads\/2023\/08\/logo.png\",\"width\":500,\"height\":353,\"caption\":\"A12 Comunicaci\u00f3n\"},\"image\":{\"@id\":\"https:\/\/a12comunicacion.com\/#\/schema\/logo\/image\/\"}}]}<\/script>\n<!-- \/ Yoast SEO plugin. -->","yoast_head_json":{"title":"RRSS - A12 Comunicaci\u00f3n","robots":{"index":"index","follow":"follow","max-snippet":"max-snippet:-1","max-image-preview":"max-image-preview:large","max-video-preview":"max-video-preview:-1"},"canonical":"https:\/\/a12comunicacion.com\/index.php\/rrss\/","og_locale":"es_ES","og_type":"article","og_title":"RRSS - A12 Comunicaci\u00f3n","og_description":"\u00bfPor qu\u00e9 tiene que estar tu empresa en Redes Sociales? 1. Mejorar\u00e1 el \u00edndice de crecimiento de tu negocio. 2. Las RRSS nos permiten llegar a gran parte de sociedad. 3. Puedes dirigirte a tu p\u00fablico objetivo. 4. Ayuda a generar imagen de marca. 5. Las RRSS nos ofrecen transparencia de cara a nuestros clientes. [&hellip;]","og_url":"https:\/\/a12comunicacion.com\/index.php\/rrss\/","og_site_name":"A12 Comunicaci\u00f3n","article_modified_time":"2023-09-06T14:54:18+00:00","twitter_card":"summary_large_image","twitter_misc":{"Tiempo de lectura":"1 minuto"},"schema":{"@context":"https:\/\/schema.org","@graph":[{"@type":"WebPage","@id":"https:\/\/a12comunicacion.com\/index.php\/rrss\/","url":"https:\/\/a12comunicacion.com\/index.php\/rrss\/","name":"RRSS - A12 Comunicaci\u00f3n","isPartOf":{"@id":"https:\/\/a12comunicacion.com\/#website"},"datePublished":"2023-09-06T14:43:28+00:00","dateModified":"2023-09-06T14:54:18+00:00","inLanguage":"es","potentialAction":[{"@type":"ReadAction","target":["https:\/\/a12comunicacion.com\/index.php\/rrss\/"]}]},{"@type":"WebSite","@id":"https:\/\/a12comunicacion.com\/#website","url":"https:\/\/a12comunicacion.com\/","name":"A12 Comunicaci\u00f3n","description":"","publisher":{"@id":"https:\/\/a12comunicacion.com\/#organization"},"potentialAction":[{"@type":"SearchAction","target":{"@type":"EntryPoint","urlTemplate":"https:\/\/a12comunicacion.com\/?s={search_term_string}"},"query-input":{"@type":"PropertyValueSpecification","valueRequired":true,"valueName":"search_term_string"}}],"inLanguage":"es"},{"@type":"Organization","@id":"https:\/\/a12comunicacion.com\/#organization","name":"A12 Comunicaci\u00f3n","url":"https:\/\/a12comunicacion.com\/","logo":{"@type":"ImageObject","inLanguage":"es","@id":"https:\/\/a12comunicacion.com\/#\/schema\/logo\/image\/","url":"https:\/\/a12comunicacion.com\/wp-content\/uploads\/2023\/08\/logo.png","contentUrl":"https:\/\/a12comunicacion.com\/wp-content\/uploads\/2023\/08\/logo.png","width":500,"height":353,"caption":"A12 Comunicaci\u00f3n"},"image":{"@id":"https:\/\/a12comunicacion.com\/#\/schema\/logo\/image\/"}}]}},"_links":{"self":[{"href":"https:\/\/a12comunicacion.com\/index.php\/wp-json\/wp\/v2\/pages\/219","targetHints":{"allow":["GET"]}}],"collection":[{"href":"https:\/\/a12comunicacion.com\/index.php\/wp-json\/wp\/v2\/pages"}],"about":[{"href":"https:\/\/a12comunicacion.com\/index.php\/wp-json\/wp\/v2\/types\/page"}],"author":[{"embeddable":true,"href":"https:\/\/a12comunicacion.com\/index.php\/wp-json\/wp\/v2\/users\/1"}],"replies":[{"embeddable":true,"href":"https:\/\/a12comunicacion.com\/index.php\/wp-json\/wp\/v2\/comments?post=219"}],"version-history":[{"count":7,"href":"https:\/\/a12comunicacion.com\/index.php\/wp-json\/wp\/v2\/pages\/219\/revisions"}],"predecessor-version":[{"id":227,"href":"https:\/\/a12comunicacion.com\/index.php\/wp-json\/wp\/v2\/pages\/219\/revisions\/227"}],"wp:attachment":[{"href":"https:\/\/a12comunicacion.com\/index.php\/wp-json\/wp\/v2\/media?parent=219"}],"curies":[{"name":"wp","href":"https:\/\/api.w.org\/{rel}","templated":true}]}}