{"id":156,"date":"2023-08-29T08:25:43","date_gmt":"2023-08-29T08:25:43","guid":{"rendered":"https:\/\/a12comunicacion.com\/?page_id=156"},"modified":"2023-08-31T11:01:49","modified_gmt":"2023-08-31T11:01:49","slug":"que-es-a12-comunicacion","status":"publish","type":"page","link":"https:\/\/a12comunicacion.com\/index.php\/que-es-a12-comunicacion\/","title":{"rendered":"A12"},"content":{"rendered":"\t\t<div data-elementor-type=\"wp-page\" data-elementor-id=\"156\" class=\"elementor elementor-156\" data-elementor-post-type=\"page\">\n\t\t\t\t\t\t<section class=\"elementor-section elementor-top-section elementor-element elementor-element-ce5eeb1 elementor-section-full_width elementor-section-height-default elementor-section-height-default\" data-id=\"ce5eeb1\" data-element_type=\"section\" data-settings=\"{&quot;background_background&quot;:&quot;classic&quot;}\">\n\t\t\t\t\t\t<div class=\"elementor-container elementor-column-gap-default\">\n\t\t\t\t\t<div class=\"elementor-column elementor-col-100 elementor-top-column elementor-element elementor-element-4e51e70\" data-id=\"4e51e70\" data-element_type=\"column\">\n\t\t\t<div class=\"elementor-widget-wrap elementor-element-populated\">\n\t\t\t\t\t\t<div class=\"elementor-element elementor-element-3bec557 elementor-widget elementor-widget-heading\" data-id=\"3bec557\" data-element_type=\"widget\" data-widget_type=\"heading.default\">\n\t\t\t\t<div class=\"elementor-widget-container\">\n\t\t\t\t\t<h2 class=\"elementor-heading-title elementor-size-default\">\u00bfQu\u00e9 es A12 Comunicaci\u00f3n?<\/h2>\t\t\t\t<\/div>\n\t\t\t\t<\/div>\n\t\t\t\t<section class=\"elementor-section elementor-inner-section elementor-element elementor-element-628d962 elementor-section-full_width elementor-section-height-default elementor-section-height-default\" data-id=\"628d962\" data-element_type=\"section\">\n\t\t\t\t\t\t<div class=\"elementor-container elementor-column-gap-default\">\n\t\t\t\t\t<div class=\"elementor-column elementor-col-50 elementor-inner-column elementor-element elementor-element-0174e6b\" data-id=\"0174e6b\" data-element_type=\"column\">\n\t\t\t<div class=\"elementor-widget-wrap elementor-element-populated\">\n\t\t\t\t\t\t<div class=\"elementor-element elementor-element-0edd92d elementor-widget elementor-widget-text-editor\" data-id=\"0edd92d\" data-element_type=\"widget\" data-widget_type=\"text-editor.default\">\n\t\t\t\t<div class=\"elementor-widget-container\">\n\t\t\t\t\t\t\t\t\t<p>Bienvenido a la p\u00e1gina web de <strong><span style=\"color: #ff6600;\">A12 Comunicaci\u00f3n<\/span><\/strong>, una empresa especializada en ofrecer servicios de SEO de calidad y a medida. En <strong><span style=\"color: #ff6600;\">A12 Comunicaci\u00f3n<\/span><\/strong> nos dedicamos a mejorar la visibilidad y el posicionamiento de tu sitio web en los motores de b\u00fasqueda, mediante estrategias personalizadas y adaptadas a tus objetivos y necesidades.<\/p>\t\t\t\t\t\t\t\t<\/div>\n\t\t\t\t<\/div>\n\t\t\t\t<div class=\"elementor-element elementor-element-115ca41 elementor-widget elementor-widget-text-editor\" data-id=\"115ca41\" data-element_type=\"widget\" data-widget_type=\"text-editor.default\">\n\t\t\t\t<div class=\"elementor-widget-container\">\n\t\t\t\t\t\t\t\t\t<p>Contamos con un equipo de profesionales con amplia experiencia y formaci\u00f3n en el campo del SEO, que te asesorar\u00e1n y acompa\u00f1ar\u00e1n en todo el proceso, desde el an\u00e1lisis inicial hasta el seguimiento de los resultados. Nuestro objetivo es ayudarte a alcanzar tus metas, aumentando el tr\u00e1fico, las conversiones y las ventas de tu web.<\/p>\t\t\t\t\t\t\t\t<\/div>\n\t\t\t\t<\/div>\n\t\t\t\t\t<\/div>\n\t\t<\/div>\n\t\t\t\t<div class=\"elementor-column elementor-col-50 elementor-inner-column elementor-element elementor-element-2d89f44\" data-id=\"2d89f44\" data-element_type=\"column\">\n\t\t\t<div class=\"elementor-widget-wrap elementor-element-populated\">\n\t\t\t\t\t\t<div class=\"elementor-element elementor-element-3278922 elementor-widget elementor-widget-text-editor\" data-id=\"3278922\" data-element_type=\"widget\" data-widget_type=\"text-editor.default\">\n\t\t\t\t<div class=\"elementor-widget-container\">\n\t\t\t\t\t\t\t\t\t<p>Si quieres saber m\u00e1s sobre nuestros servicios de SEO, no dudes en contactarnos. Estaremos encantados de atenderte y ofrecerte la mejor soluci\u00f3n para tu proyecto.<\/p>\t\t\t\t\t\t\t\t<\/div>\n\t\t\t\t<\/div>\n\t\t\t\t<div class=\"elementor-element elementor-element-6fe6af5 elementor-widget elementor-widget-image\" data-id=\"6fe6af5\" data-element_type=\"widget\" data-widget_type=\"image.default\">\n\t\t\t\t<div class=\"elementor-widget-container\">\n\t\t\t\t\t\t\t\t\t\t\t\t\t\t\t<img fetchpriority=\"high\" decoding=\"async\" width=\"500\" height=\"128\" src=\"https:\/\/a12comunicacion.com\/wp-content\/uploads\/2023\/08\/lpgo1.png\" class=\"attachment-large size-large wp-image-164\" alt=\"\" srcset=\"https:\/\/a12comunicacion.com\/wp-content\/uploads\/2023\/08\/lpgo1.png 500w, https:\/\/a12comunicacion.com\/wp-content\/uploads\/2023\/08\/lpgo1-300x77.png 300w\" sizes=\"(max-width: 500px) 100vw, 500px\" \/>\t\t\t\t\t\t\t\t\t\t\t\t\t\t\t<\/div>\n\t\t\t\t<\/div>\n\t\t\t\t\t<\/div>\n\t\t<\/div>\n\t\t\t\t\t<\/div>\n\t\t<\/section>\n\t\t\t\t\t<\/div>\n\t\t<\/div>\n\t\t\t\t\t<\/div>\n\t\t<\/section>\n\t\t\t\t<\/div>\n\t\t","protected":false},"excerpt":{"rendered":"<p>\u00bfQu\u00e9 es A12 Comunicaci\u00f3n? Bienvenido a la p\u00e1gina web de A12 Comunicaci\u00f3n, una empresa especializada en ofrecer servicios de SEO de calidad y a medida. En A12 Comunicaci\u00f3n nos dedicamos a mejorar la visibilidad y el posicionamiento de tu sitio web en los motores de b\u00fasqueda, mediante estrategias personalizadas y adaptadas a tus objetivos y [&hellip;]<\/p>\n","protected":false},"author":1,"featured_media":0,"parent":0,"menu_order":0,"comment_status":"closed","ping_status":"closed","template":"","meta":{"footnotes":""},"class_list":["post-156","page","type-page","status-publish","hentry"],"yoast_head":"<!-- This site is optimized with the Yoast SEO plugin v26.3 - https:\/\/yoast.com\/wordpress\/plugins\/seo\/ -->\n<title>A12 Comunicaci\u00f3n - Quienes somos?<\/title>\n<meta name=\"description\" content=\"Potencia tu visibilidad en l\u00ednea con A12 Comunicaci\u00f3n en Valencia. Expertos en servicios SEO para mejorar tu posicionamiento web.\" \/>\n<meta name=\"robots\" content=\"index, follow, max-snippet:-1, max-image-preview:large, max-video-preview:-1\" \/>\n<link rel=\"canonical\" href=\"https:\/\/a12comunicacion.com\/index.php\/que-es-a12-comunicacion\/\" \/>\n<meta property=\"og:locale\" content=\"es_ES\" \/>\n<meta property=\"og:type\" content=\"article\" \/>\n<meta property=\"og:title\" content=\"A12 Comunicaci\u00f3n - Quienes somos?\" \/>\n<meta property=\"og:description\" content=\"Potencia tu visibilidad en l\u00ednea con A12 Comunicaci\u00f3n en Valencia. Expertos en servicios SEO para mejorar tu posicionamiento web.\" \/>\n<meta property=\"og:url\" content=\"https:\/\/a12comunicacion.com\/index.php\/que-es-a12-comunicacion\/\" \/>\n<meta property=\"og:site_name\" content=\"A12 Comunicaci\u00f3n\" \/>\n<meta property=\"article:modified_time\" content=\"2023-08-31T11:01:49+00:00\" \/>\n<meta property=\"og:image\" content=\"https:\/\/a12comunicacion.com\/wp-content\/uploads\/2023\/08\/lpgo1.png\" \/>\n<meta name=\"twitter:card\" content=\"summary_large_image\" \/>\n<meta name=\"twitter:label1\" content=\"Tiempo de lectura\" \/>\n\t<meta name=\"twitter:data1\" content=\"1 minuto\" \/>\n<script type=\"application\/ld+json\" class=\"yoast-schema-graph\">{\"@context\":\"https:\/\/schema.org\",\"@graph\":[{\"@type\":\"WebPage\",\"@id\":\"https:\/\/a12comunicacion.com\/index.php\/que-es-a12-comunicacion\/\",\"url\":\"https:\/\/a12comunicacion.com\/index.php\/que-es-a12-comunicacion\/\",\"name\":\"A12 Comunicaci\u00f3n - Quienes somos?\",\"isPartOf\":{\"@id\":\"https:\/\/a12comunicacion.com\/#website\"},\"primaryImageOfPage\":{\"@id\":\"https:\/\/a12comunicacion.com\/index.php\/que-es-a12-comunicacion\/#primaryimage\"},\"image\":{\"@id\":\"https:\/\/a12comunicacion.com\/index.php\/que-es-a12-comunicacion\/#primaryimage\"},\"thumbnailUrl\":\"https:\/\/a12comunicacion.com\/wp-content\/uploads\/2023\/08\/lpgo1.png\",\"datePublished\":\"2023-08-29T08:25:43+00:00\",\"dateModified\":\"2023-08-31T11:01:49+00:00\",\"description\":\"Potencia tu visibilidad en l\u00ednea con A12 Comunicaci\u00f3n en Valencia. Expertos en servicios SEO para mejorar tu posicionamiento web.\",\"inLanguage\":\"es\",\"potentialAction\":[{\"@type\":\"ReadAction\",\"target\":[\"https:\/\/a12comunicacion.com\/index.php\/que-es-a12-comunicacion\/\"]}]},{\"@type\":\"ImageObject\",\"inLanguage\":\"es\",\"@id\":\"https:\/\/a12comunicacion.com\/index.php\/que-es-a12-comunicacion\/#primaryimage\",\"url\":\"https:\/\/a12comunicacion.com\/wp-content\/uploads\/2023\/08\/lpgo1.png\",\"contentUrl\":\"https:\/\/a12comunicacion.com\/wp-content\/uploads\/2023\/08\/lpgo1.png\",\"width\":500,\"height\":128},{\"@type\":\"WebSite\",\"@id\":\"https:\/\/a12comunicacion.com\/#website\",\"url\":\"https:\/\/a12comunicacion.com\/\",\"name\":\"A12 Comunicaci\u00f3n\",\"description\":\"\",\"publisher\":{\"@id\":\"https:\/\/a12comunicacion.com\/#organization\"},\"potentialAction\":[{\"@type\":\"SearchAction\",\"target\":{\"@type\":\"EntryPoint\",\"urlTemplate\":\"https:\/\/a12comunicacion.com\/?s={search_term_string}\"},\"query-input\":{\"@type\":\"PropertyValueSpecification\",\"valueRequired\":true,\"valueName\":\"search_term_string\"}}],\"inLanguage\":\"es\"},{\"@type\":\"Organization\",\"@id\":\"https:\/\/a12comunicacion.com\/#organization\",\"name\":\"A12 Comunicaci\u00f3n\",\"url\":\"https:\/\/a12comunicacion.com\/\",\"logo\":{\"@type\":\"ImageObject\",\"inLanguage\":\"es\",\"@id\":\"https:\/\/a12comunicacion.com\/#\/schema\/logo\/image\/\",\"url\":\"https:\/\/a12comunicacion.com\/wp-content\/uploads\/2023\/08\/logo.png\",\"contentUrl\":\"https:\/\/a12comunicacion.com\/wp-content\/uploads\/2023\/08\/logo.png\",\"width\":500,\"height\":353,\"caption\":\"A12 Comunicaci\u00f3n\"},\"image\":{\"@id\":\"https:\/\/a12comunicacion.com\/#\/schema\/logo\/image\/\"}}]}<\/script>\n<!-- \/ Yoast SEO plugin. -->","yoast_head_json":{"title":"A12 Comunicaci\u00f3n - Quienes somos?","description":"Potencia tu visibilidad en l\u00ednea con A12 Comunicaci\u00f3n en Valencia. Expertos en servicios SEO para mejorar tu posicionamiento web.","robots":{"index":"index","follow":"follow","max-snippet":"max-snippet:-1","max-image-preview":"max-image-preview:large","max-video-preview":"max-video-preview:-1"},"canonical":"https:\/\/a12comunicacion.com\/index.php\/que-es-a12-comunicacion\/","og_locale":"es_ES","og_type":"article","og_title":"A12 Comunicaci\u00f3n - Quienes somos?","og_description":"Potencia tu visibilidad en l\u00ednea con A12 Comunicaci\u00f3n en Valencia. Expertos en servicios SEO para mejorar tu posicionamiento web.","og_url":"https:\/\/a12comunicacion.com\/index.php\/que-es-a12-comunicacion\/","og_site_name":"A12 Comunicaci\u00f3n","article_modified_time":"2023-08-31T11:01:49+00:00","og_image":[{"url":"https:\/\/a12comunicacion.com\/wp-content\/uploads\/2023\/08\/lpgo1.png","type":"","width":"","height":""}],"twitter_card":"summary_large_image","twitter_misc":{"Tiempo de lectura":"1 minuto"},"schema":{"@context":"https:\/\/schema.org","@graph":[{"@type":"WebPage","@id":"https:\/\/a12comunicacion.com\/index.php\/que-es-a12-comunicacion\/","url":"https:\/\/a12comunicacion.com\/index.php\/que-es-a12-comunicacion\/","name":"A12 Comunicaci\u00f3n - Quienes somos?","isPartOf":{"@id":"https:\/\/a12comunicacion.com\/#website"},"primaryImageOfPage":{"@id":"https:\/\/a12comunicacion.com\/index.php\/que-es-a12-comunicacion\/#primaryimage"},"image":{"@id":"https:\/\/a12comunicacion.com\/index.php\/que-es-a12-comunicacion\/#primaryimage"},"thumbnailUrl":"https:\/\/a12comunicacion.com\/wp-content\/uploads\/2023\/08\/lpgo1.png","datePublished":"2023-08-29T08:25:43+00:00","dateModified":"2023-08-31T11:01:49+00:00","description":"Potencia tu visibilidad en l\u00ednea con A12 Comunicaci\u00f3n en Valencia. Expertos en servicios SEO para mejorar tu posicionamiento web.","inLanguage":"es","potentialAction":[{"@type":"ReadAction","target":["https:\/\/a12comunicacion.com\/index.php\/que-es-a12-comunicacion\/"]}]},{"@type":"ImageObject","inLanguage":"es","@id":"https:\/\/a12comunicacion.com\/index.php\/que-es-a12-comunicacion\/#primaryimage","url":"https:\/\/a12comunicacion.com\/wp-content\/uploads\/2023\/08\/lpgo1.png","contentUrl":"https:\/\/a12comunicacion.com\/wp-content\/uploads\/2023\/08\/lpgo1.png","width":500,"height":128},{"@type":"WebSite","@id":"https:\/\/a12comunicacion.com\/#website","url":"https:\/\/a12comunicacion.com\/","name":"A12 Comunicaci\u00f3n","description":"","publisher":{"@id":"https:\/\/a12comunicacion.com\/#organization"},"potentialAction":[{"@type":"SearchAction","target":{"@type":"EntryPoint","urlTemplate":"https:\/\/a12comunicacion.com\/?s={search_term_string}"},"query-input":{"@type":"PropertyValueSpecification","valueRequired":true,"valueName":"search_term_string"}}],"inLanguage":"es"},{"@type":"Organization","@id":"https:\/\/a12comunicacion.com\/#organization","name":"A12 Comunicaci\u00f3n","url":"https:\/\/a12comunicacion.com\/","logo":{"@type":"ImageObject","inLanguage":"es","@id":"https:\/\/a12comunicacion.com\/#\/schema\/logo\/image\/","url":"https:\/\/a12comunicacion.com\/wp-content\/uploads\/2023\/08\/logo.png","contentUrl":"https:\/\/a12comunicacion.com\/wp-content\/uploads\/2023\/08\/logo.png","width":500,"height":353,"caption":"A12 Comunicaci\u00f3n"},"image":{"@id":"https:\/\/a12comunicacion.com\/#\/schema\/logo\/image\/"}}]}},"_links":{"self":[{"href":"https:\/\/a12comunicacion.com\/index.php\/wp-json\/wp\/v2\/pages\/156","targetHints":{"allow":["GET"]}}],"collection":[{"href":"https:\/\/a12comunicacion.com\/index.php\/wp-json\/wp\/v2\/pages"}],"about":[{"href":"https:\/\/a12comunicacion.com\/index.php\/wp-json\/wp\/v2\/types\/page"}],"author":[{"embeddable":true,"href":"https:\/\/a12comunicacion.com\/index.php\/wp-json\/wp\/v2\/users\/1"}],"replies":[{"embeddable":true,"href":"https:\/\/a12comunicacion.com\/index.php\/wp-json\/wp\/v2\/comments?post=156"}],"version-history":[{"count":15,"href":"https:\/\/a12comunicacion.com\/index.php\/wp-json\/wp\/v2\/pages\/156\/revisions"}],"predecessor-version":[{"id":189,"href":"https:\/\/a12comunicacion.com\/index.php\/wp-json\/wp\/v2\/pages\/156\/revisions\/189"}],"wp:attachment":[{"href":"https:\/\/a12comunicacion.com\/index.php\/wp-json\/wp\/v2\/media?parent=156"}],"curies":[{"name":"wp","href":"https:\/\/api.w.org\/{rel}","templated":true}]}}